{"id":6101,"date":"2022-01-26T05:05:57","date_gmt":"2022-01-26T02:05:57","guid":{"rendered":"https:\/\/www.alitardu.com\/en\/?page_id=6101"},"modified":"2023-12-09T15:55:08","modified_gmt":"2023-12-09T12:55:08","slug":"contact","status":"publish","type":"page","link":"https:\/\/www.alitardu.com\/en\/contact\/","title":{"rendered":"Contact"},"content":{"rendered":"\t\t<div data-elementor-type=\"wp-page\" data-elementor-id=\"6101\" class=\"elementor elementor-6101\">\n\t\t\t\t\t\t<div class=\"elementor-inner\">\n\t\t\t\t<div class=\"elementor-section-wrap\">\n\t\t\t\t\t\t\t\t\t<section class=\"elementor-section elementor-top-section elementor-element elementor-element-75f6ed2 elementor-section-boxed elementor-section-height-default elementor-section-height-default\" data-id=\"75f6ed2\" data-element_type=\"section\">\n\t\t\t\t\t\t<div class=\"elementor-container elementor-column-gap-default\">\n\t\t\t\t\t\t\t<div class=\"elementor-row\">\n\t\t\t\t\t<div class=\"elementor-column elementor-col-50 elementor-top-column elementor-element elementor-element-02e7ebf\" data-id=\"02e7ebf\" data-element_type=\"column\">\n\t\t\t<div class=\"elementor-column-wrap elementor-element-populated\">\n\t\t\t\t\t\t\t<div class=\"elementor-widget-wrap\">\n\t\t\t\t\t\t<div class=\"elementor-element elementor-element-c14d04b elementor-invisible elementor-widget elementor-widget-rt-title-text-button\" data-id=\"c14d04b\" data-element_type=\"widget\" data-widget_type=\"rt-title-text-button.default\">\n\t\t\t\t<div class=\"elementor-widget-container\">\n\t\t\t<div class=\"hide fadeInUp\" data-wow-delay=\"200ms\" data-wow-duration=\"1200ms\">\n    <div class=\"section-headingFour section-headingFour--style-1 mb-0 \">\n            <h2 class=\"section-headingFour__title\">Contact Details<\/h2>\n            <p class=\"desc1\">You can contact us for all your questions and comments.<\/p>\n          <\/div>\n<\/div>\t\t<\/div>\n\t\t\t\t<\/div>\n\t\t\t\t<div class=\"elementor-element elementor-element-24ed069 elementor-invisible elementor-widget elementor-widget-rt-contact-box\" data-id=\"24ed069\" data-element_type=\"widget\" data-widget_type=\"rt-contact-box.default\">\n\t\t\t\t<div class=\"elementor-widget-container\">\n\t\t\t\n<div class=\"contact-address__content4 hide fadeInUp\" data-wow-delay=\"200ms\" data-wow-duration=\"1200ms\">\n  <header class=\"contact-address__header\">\n      <\/header>\n    <ul>\n        <li>\n                              <span class=\"svg-img\"><img decoding=\"async\" src=\"https:\/\/www.alitardu.com\/en\/wp-content\/uploads\/2022\/01\/phone-red.svg\" alt=\"SVG Icon\"><\/span>\n                <span>+90\u00a0532\u00a0403\u00a063\u00a020<\/span>    <\/li>\n        <li>\n                              <span class=\"svg-img\"><img decoding=\"async\" src=\"https:\/\/www.alitardu.com\/en\/wp-content\/uploads\/2022\/01\/email-red.svg\" alt=\"SVG Icon\"><\/span>\n                <span><a href=\"mailto:bilgi@alitardu.com.tr\">bilgi@alitardu.com.tr<\/a><\/span>    <\/li>\n        <li>\n                              <span class=\"svg-img\"><img decoding=\"async\" src=\"https:\/\/www.alitardu.com\/en\/wp-content\/uploads\/2022\/01\/map-red.svg\" alt=\"SVG Icon\"><\/span>\n                <span>Alipa\u015fa, K\u0131l\u0131\u00e7 Ali Pa\u015fa Cd. 36\/1, 59850 <br>\n\u00c7orlu\/Tekirda\u011f<\/span>    <\/li>\n      <\/ul>\n  <\/div>\t\t<\/div>\n\t\t\t\t<\/div>\n\t\t\t\t<div class=\"elementor-element elementor-element-d1c994f elementor-widget elementor-widget-spacer\" data-id=\"d1c994f\" data-element_type=\"widget\" data-widget_type=\"spacer.default\">\n\t\t\t\t<div class=\"elementor-widget-container\">\n\t\t\t\t\t<div class=\"elementor-spacer\">\n\t\t\t<div class=\"elementor-spacer-inner\"><\/div>\n\t\t<\/div>\n\t\t\t\t<\/div>\n\t\t\t\t<\/div>\n\t\t\t\t<div class=\"elementor-element elementor-element-a12ca2d elementor-invisible elementor-widget elementor-widget-rt-title-text-button\" data-id=\"a12ca2d\" data-element_type=\"widget\" data-widget_type=\"rt-title-text-button.default\">\n\t\t\t\t<div class=\"elementor-widget-container\">\n\t\t\t<div class=\"hide fadeInUp\" data-wow-delay=\"200ms\" data-wow-duration=\"1200ms\">\n    <div class=\"section-headingFour section-headingFour--style-1 mb-0 \">\n            <h2 class=\"section-headingFour__title\">Payment Details<\/h2>\n          <\/div>\n<\/div>\t\t<\/div>\n\t\t\t\t<\/div>\n\t\t\t\t<div class=\"elementor-element elementor-element-b23f6d0 elementor-invisible elementor-widget elementor-widget-rt-contact-box\" data-id=\"b23f6d0\" data-element_type=\"widget\" data-widget_type=\"rt-contact-box.default\">\n\t\t\t\t<div class=\"elementor-widget-container\">\n\t\t\t\n<div class=\"contact-address__content4 hide fadeInUp\" data-wow-delay=\"200ms\" data-wow-duration=\"1200ms\">\n  <header class=\"contact-address__header\">\n      <\/header>\n    <ul>\n        <li>\n                              <i class=\"fas fa-euro-sign\"><\/i>\n                    <span>TR 4900 0100 2157 7623 5967 5007<\/span>    <\/li>\n        <li>\n                              <i class=\"fas fa-dollar-sign\"><\/i>\n                    <span>TR93 0011 1000 0000 0067 5667 06<\/span>    <\/li>\n      <\/ul>\n  <\/div>\t\t<\/div>\n\t\t\t\t<\/div>\n\t\t\t\t\t\t<\/div>\n\t\t\t\t\t<\/div>\n\t\t<\/div>\n\t\t\t\t<div class=\"elementor-column elementor-col-50 elementor-top-column elementor-element elementor-element-3a3ac69\" data-id=\"3a3ac69\" data-element_type=\"column\" data-settings=\"{&quot;background_background&quot;:&quot;classic&quot;}\">\n\t\t\t<div class=\"elementor-column-wrap elementor-element-populated\">\n\t\t\t\t\t\t\t<div class=\"elementor-widget-wrap\">\n\t\t\t\t\t\t<div class=\"elementor-element elementor-element-6d540dd elementor-invisible elementor-widget elementor-widget-rt-title-text-button\" data-id=\"6d540dd\" data-element_type=\"widget\" data-widget_type=\"rt-title-text-button.default\">\n\t\t\t\t<div class=\"elementor-widget-container\">\n\t\t\t<div class=\"hide fadeInUp\" data-wow-delay=\"200ms\" data-wow-duration=\"1200ms\">\n    <div class=\"section-headingFour section-headingFour--style-1 mb-0 \">\n            <h2 class=\"section-headingFour__title\">Contact Form<\/h2>\n          <\/div>\n<\/div>\t\t<\/div>\n\t\t\t\t<\/div>\n\t\t\t\t<div class=\"elementor-element elementor-element-b7fafab elementor-widget elementor-widget-shortcode\" data-id=\"b7fafab\" data-element_type=\"widget\" data-widget_type=\"shortcode.default\">\n\t\t\t\t<div class=\"elementor-widget-container\">\n\t\t\t\t\t<div class=\"elementor-shortcode\"><div class='fluentform ff-default fluentform_wrapper_7 ffs_default_wrap'><form data-form_id=\"7\" id=\"fluentform_7\" class=\"frm-fluent-form fluent_form_7 ff-el-form-top ff_form_instance_7_1 ff-form-loading ffs_default\" data-form_instance=\"ff_form_instance_7_1\" method=\"POST\" ><fieldset  style=\"border: none!important;margin: 0!important;padding: 0!important;background-color: transparent!important;box-shadow: none!important;outline: none!important; min-inline-size: 100%;\">\n                    <legend class=\"ff_screen_reader_title\" style=\"display: block; margin: 0!important;padding: 0!important;height: 0!important;text-indent: -999999px;width: 0!important;overflow:hidden;\">\u0130leti\u015fim Formu<\/legend><input type='hidden' name='__fluent_form_embded_post_id' value='6101' \/><input type=\"hidden\" id=\"_fluentform_7_fluentformnonce\" name=\"_fluentform_7_fluentformnonce\" value=\"90ed8a10d1\" \/><input type=\"hidden\" name=\"_wp_http_referer\" value=\"\/en\/wp-json\/wp\/v2\/pages\/6101\" \/><div data-name=\"ff_cn_id_1\"  class='ff-t-container ff-column-container ff_columns_total_2  '><div class='ff-t-cell ff-t-column-1' style='flex-basis: 50%;'><div class='ff-el-group'><div class='ff-el-input--content'><input type=\"text\" name=\"input_text_2\" class=\"ff-el-form-control blogDetails-form__input\" placeholder=\"Your Name\" data-name=\"input_text_2\" id=\"ff_7_input_text_2\"  aria-invalid=\"false\" aria-required=true><\/div><\/div><div class='ff-el-group'><div class='ff-el-input--content'><input type=\"email\" name=\"email_1\" id=\"ff_7_email_1\" class=\"ff-el-form-control blogDetails-form__input\" placeholder=\"Mail Address\" data-name=\"email_1\"  aria-invalid=\"false\" aria-required=false><\/div><\/div><\/div><div class='ff-t-cell ff-t-column-2' style='flex-basis: 50%;'><div class='ff-el-group'><div class='ff-el-input--content'><input type=\"text\" name=\"input_text_4\" class=\"ff-el-form-control blogDetails-form__input\" placeholder=\"Surname\" data-name=\"input_text_4\" id=\"ff_7_input_text_4\"  aria-invalid=\"false\" aria-required=true><\/div><\/div><div class='ff-el-group'><div class='ff-el-input--content'><input type=\"number\" name=\"numeric-field\" id=\"ff_7_numeric-field\" class=\"ff-el-form-control\" placeholder=\"Phone Number\" data-name=\"numeric-field\" inputmode=\"numeric\" step=\"any\" min=\"10\" aria-valuemin=\"10\" max=\"15\" aria-valuemax=\"15\"  aria-invalid=\"false\" aria-required=true><\/div><\/div><\/div><\/div><div data-name=\"ff_cn_id_2\"  class='ff-t-container ff-column-container ff_columns_total_1  '><div class='ff-t-cell ff-t-column-1' style='flex-basis: 100%;'><div class='ff-el-group blogDetails-form'><div class='ff-el-input--content'><textarea aria-invalid=\"false\" aria-required=false name=\"description\" id=\"ff_7_description\" class=\"ff-el-form-control blogDetails-form__input\" placeholder=\"Your message\" rows=\"3\" cols=\"4\" data-name=\"description\" ><\/textarea><\/div><\/div><\/div><\/div><div class='ff-el-group ff-text-left rt-btn--14 rt-btn--15 ff_submit_btn_wrapper'><button type=\"submit\" class=\"ff-btn ff-btn-submit ff-btn-md ff_btn_style wpf_has_custom_css\" >Submit<\/button><\/div><\/fieldset><\/form><div id='fluentform_7_errors' class='ff-errors-in-stack ff_form_instance_7_1 ff-form-loading_errors ff_form_instance_7_1_errors'><\/div><\/div>        <script type=\"text\/javascript\">\n            window.fluent_form_ff_form_instance_7_1 = {\"id\":\"7\",\"settings\":{\"layout\":{\"labelPlacement\":\"top\",\"helpMessagePlacement\":\"with_label\",\"errorMessagePlacement\":\"inline\",\"asteriskPlacement\":\"asterisk-right\"},\"restrictions\":{\"denyEmptySubmission\":{\"enabled\":false}}},\"form_instance\":\"ff_form_instance_7_1\",\"form_id_selector\":\"fluentform_7\",\"rules\":{\"input_text_2\":{\"required\":{\"value\":true,\"message\":\"Name field is required\",\"global\":false,\"global_message\":\"This field is required\"}},\"email_1\":{\"required\":{\"value\":false,\"message\":\"This field is required\",\"global\":false,\"global_message\":\"This field is required\"},\"email\":{\"value\":true,\"message\":\"This field must contain a valid email\",\"global\":false,\"global_message\":\"This field must contain a valid email\"}},\"input_text_4\":{\"required\":{\"value\":true,\"message\":\"Name field is required\",\"global\":false,\"global_message\":\"This field is required\"}},\"numeric-field\":{\"required\":{\"value\":true,\"message\":\"This field is required\",\"global\":false,\"global_message\":\"This field is required\"},\"numeric\":{\"value\":true,\"message\":\"This field must contain numeric value\",\"global\":false,\"global_message\":\"This field must contain numeric value\"},\"min\":{\"value\":\"10\",\"message\":\"Minimum value is \",\"global\":false,\"global_message\":\"Validation fails for minimum value\"},\"max\":{\"value\":\"15\",\"message\":\"Maximum value is \",\"global\":false,\"global_message\":\"Validation fails for maximum value\"},\"digits\":{\"value\":\"\",\"message\":\"The number of digits has to be \",\"global\":false,\"global_message\":\"Validation fails for limited digits\"}},\"description\":{\"required\":{\"value\":false,\"message\":\"Message field is required\",\"global\":false,\"global_message\":\"This field is required\"}}}};\n                    <\/script>\n        <\/div>\n\t\t\t\t<\/div>\n\t\t\t\t<\/div>\n\t\t\t\t\t\t<\/div>\n\t\t\t\t\t<\/div>\n\t\t<\/div>\n\t\t\t\t\t\t\t\t<\/div>\n\t\t\t\t\t<\/div>\n\t\t<\/section>\n\t\t\t\t<section class=\"elementor-section elementor-top-section elementor-element elementor-element-72cec8e elementor-section-full_width elementor-section-height-default elementor-section-height-default\" data-id=\"72cec8e\" data-element_type=\"section\">\n\t\t\t\t\t\t<div class=\"elementor-container elementor-column-gap-default\">\n\t\t\t\t\t\t\t<div class=\"elementor-row\">\n\t\t\t\t\t<div class=\"elementor-column elementor-col-100 elementor-top-column elementor-element elementor-element-b3f3c5c\" data-id=\"b3f3c5c\" data-element_type=\"column\">\n\t\t\t<div class=\"elementor-column-wrap elementor-element-populated\">\n\t\t\t\t\t\t\t<div class=\"elementor-widget-wrap\">\n\t\t\t\t\t\t<div class=\"elementor-element elementor-element-85286a0 elementor-widget elementor-widget-google_maps\" data-id=\"85286a0\" data-element_type=\"widget\" data-widget_type=\"google_maps.default\">\n\t\t\t\t<div class=\"elementor-widget-container\">\n\t\t\t\t\t<div class=\"elementor-custom-embed\">\n\t\t\t<iframe loading=\"lazy\"\n\t\t\t\t\tsrc=\"https:\/\/maps.google.com\/maps?q=Alipa%C5%9Fa%2C%20K%C4%B1l%C4%B1%C3%A7%20Ali%20Pa%C5%9Fa%20Cd.%2036%2F1%2C%2059850%20%C3%87orlu%2FTekirda%C4%9F&#038;t=m&#038;z=15&#038;output=embed&#038;iwloc=near\"\n\t\t\t\t\ttitle=\"Alipa\u015fa, K\u0131l\u0131\u00e7 Ali Pa\u015fa Cd. 36\/1, 59850 \u00c7orlu\/Tekirda\u011f\"\n\t\t\t\t\taria-label=\"Alipa\u015fa, K\u0131l\u0131\u00e7 Ali Pa\u015fa Cd. 36\/1, 59850 \u00c7orlu\/Tekirda\u011f\"\n\t\t\t><\/iframe>\n\t\t<\/div>\n\t\t\t\t<\/div>\n\t\t\t\t<\/div>\n\t\t\t\t\t\t<\/div>\n\t\t\t\t\t<\/div>\n\t\t<\/div>\n\t\t\t\t\t\t\t\t<\/div>\n\t\t\t\t\t<\/div>\n\t\t<\/section>\n\t\t\t\t\t\t\t\t\t<\/div>\n\t\t\t<\/div>\n\t\t\t\t\t<\/div>\n\t\t","protected":false},"excerpt":{"rendered":"<p>Contact Details You can contact us for all your questions and comments. +90\u00a0532\u00a0403\u00a063\u00a020 bilgi@alitardu.com.tr Alipa\u015fa, K\u0131l\u0131\u00e7 Ali Pa\u015fa Cd. 36\/1, 59850 \u00c7orlu\/Tekirda\u011f Payment Details TR 4900 0100 2157 7623 5967 5007 TR93 0011 1000 0000 0067 5667 06 Contact Form<\/p>\n","protected":false},"author":1,"featured_media":0,"parent":0,"menu_order":0,"comment_status":"closed","ping_status":"closed","template":"templates\/blank.php","meta":{"_monsterinsights_skip_tracking":false,"_monsterinsights_sitenote_active":false,"_monsterinsights_sitenote_note":"","_monsterinsights_sitenote_category":0,"footnotes":""},"class_list":["post-6101","page","type-page","status-publish","hentry"],"yoast_head":"<!-- This site is optimized with the Yoast SEO Premium plugin v21.3 (Yoast SEO v21.3) - https:\/\/yoast.com\/wordpress\/plugins\/seo\/ -->\n<title>Contact - Assoc. Prof. Dr. Ali Tardu<\/title>\n<meta name=\"robots\" content=\"index, follow, max-snippet:-1, max-image-preview:large, max-video-preview:-1\" \/>\n<link rel=\"canonical\" href=\"https:\/\/www.alitardu.com\/en\/contact\/\" \/>\n<meta property=\"og:locale\" content=\"en_GB\" \/>\n<meta property=\"og:type\" content=\"article\" \/>\n<meta property=\"og:title\" content=\"Contact\" \/>\n<meta property=\"og:description\" content=\"Contact Details You can contact us for all your questions and comments. +90\u00a0532\u00a0403\u00a063\u00a020 bilgi@alitardu.com.tr Alipa\u015fa, K\u0131l\u0131\u00e7 Ali Pa\u015fa Cd. 36\/1, 59850 \u00c7orlu\/Tekirda\u011f Payment Details TR 4900 0100 2157 7623 5967 5007 TR93 0011 1000 0000 0067 5667 06 Contact Form\" \/>\n<meta property=\"og:url\" content=\"https:\/\/www.alitardu.com\/en\/contact\/\" \/>\n<meta property=\"og:site_name\" content=\"Assoc. Prof. Dr. Ali Tardu\" \/>\n<meta property=\"article:modified_time\" content=\"2023-12-09T12:55:08+00:00\" \/>\n<meta property=\"og:image\" content=\"https:\/\/www.alitardu.com\/en\/wp-content\/uploads\/2022\/01\/phone-red.svg\" \/>\n<meta name=\"twitter:card\" content=\"summary_large_image\" \/>\n<script type=\"application\/ld+json\" class=\"yoast-schema-graph\">{\"@context\":\"https:\/\/schema.org\",\"@graph\":[{\"@type\":\"WebPage\",\"@id\":\"https:\/\/www.alitardu.com\/en\/contact\/\",\"url\":\"https:\/\/www.alitardu.com\/en\/contact\/\",\"name\":\"Contact - Assoc. Prof. Dr. Ali Tardu\",\"isPartOf\":{\"@id\":\"https:\/\/www.alitardu.com\/en\/#website\"},\"datePublished\":\"2022-01-26T02:05:57+00:00\",\"dateModified\":\"2023-12-09T12:55:08+00:00\",\"breadcrumb\":{\"@id\":\"https:\/\/www.alitardu.com\/en\/contact\/#breadcrumb\"},\"inLanguage\":\"en-GB\",\"potentialAction\":[{\"@type\":\"ReadAction\",\"target\":[\"https:\/\/www.alitardu.com\/en\/contact\/\"]}]},{\"@type\":\"BreadcrumbList\",\"@id\":\"https:\/\/www.alitardu.com\/en\/contact\/#breadcrumb\",\"itemListElement\":[{\"@type\":\"ListItem\",\"position\":1,\"name\":\"Anasayfa\",\"item\":\"https:\/\/www.alitardu.com\/en\/\"},{\"@type\":\"ListItem\",\"position\":2,\"name\":\"Contact\"}]},{\"@type\":\"WebSite\",\"@id\":\"https:\/\/www.alitardu.com\/en\/#website\",\"url\":\"https:\/\/www.alitardu.com\/en\/\",\"name\":\"Assoc. Prof. Dr. Ali Tardu\",\"description\":\"Obesity and Diabetes Surgeon\",\"publisher\":{\"@id\":\"https:\/\/www.alitardu.com\/en\/#organization\"},\"potentialAction\":[{\"@type\":\"SearchAction\",\"target\":{\"@type\":\"EntryPoint\",\"urlTemplate\":\"https:\/\/www.alitardu.com\/en\/?s={search_term_string}\"},\"query-input\":\"required name=search_term_string\"}],\"inLanguage\":\"en-GB\"},{\"@type\":\"Organization\",\"@id\":\"https:\/\/www.alitardu.com\/en\/#organization\",\"name\":\"Assoc. Dr. Ali Tardu Obesity and Diabetes Surgeon\",\"url\":\"https:\/\/www.alitardu.com\/en\/\",\"logo\":{\"@type\":\"ImageObject\",\"inLanguage\":\"en-GB\",\"@id\":\"https:\/\/www.alitardu.com\/en\/#\/schema\/logo\/image\/\",\"url\":\"https:\/\/www.alitardu.com\/en\/wp-content\/uploads\/2023\/12\/Ali-Tardu-Logo-EN.png\",\"contentUrl\":\"https:\/\/www.alitardu.com\/en\/wp-content\/uploads\/2023\/12\/Ali-Tardu-Logo-EN.png\",\"width\":1485,\"height\":338,\"caption\":\"Assoc. Dr. Ali Tardu Obesity and Diabetes Surgeon\"},\"image\":{\"@id\":\"https:\/\/www.alitardu.com\/en\/#\/schema\/logo\/image\/\"}}]}<\/script>\n<!-- \/ Yoast SEO Premium plugin. -->","yoast_head_json":{"title":"Contact - Assoc. Prof. Dr. Ali Tardu","robots":{"index":"index","follow":"follow","max-snippet":"max-snippet:-1","max-image-preview":"max-image-preview:large","max-video-preview":"max-video-preview:-1"},"canonical":"https:\/\/www.alitardu.com\/en\/contact\/","og_locale":"en_GB","og_type":"article","og_title":"Contact","og_description":"Contact Details You can contact us for all your questions and comments. +90\u00a0532\u00a0403\u00a063\u00a020 bilgi@alitardu.com.tr Alipa\u015fa, K\u0131l\u0131\u00e7 Ali Pa\u015fa Cd. 36\/1, 59850 \u00c7orlu\/Tekirda\u011f Payment Details TR 4900 0100 2157 7623 5967 5007 TR93 0011 1000 0000 0067 5667 06 Contact Form","og_url":"https:\/\/www.alitardu.com\/en\/contact\/","og_site_name":"Assoc. Prof. Dr. Ali Tardu","article_modified_time":"2023-12-09T12:55:08+00:00","og_image":[{"url":"https:\/\/www.alitardu.com\/en\/wp-content\/uploads\/2022\/01\/phone-red.svg"}],"twitter_card":"summary_large_image","schema":{"@context":"https:\/\/schema.org","@graph":[{"@type":"WebPage","@id":"https:\/\/www.alitardu.com\/en\/contact\/","url":"https:\/\/www.alitardu.com\/en\/contact\/","name":"Contact - Assoc. Prof. Dr. Ali Tardu","isPartOf":{"@id":"https:\/\/www.alitardu.com\/en\/#website"},"datePublished":"2022-01-26T02:05:57+00:00","dateModified":"2023-12-09T12:55:08+00:00","breadcrumb":{"@id":"https:\/\/www.alitardu.com\/en\/contact\/#breadcrumb"},"inLanguage":"en-GB","potentialAction":[{"@type":"ReadAction","target":["https:\/\/www.alitardu.com\/en\/contact\/"]}]},{"@type":"BreadcrumbList","@id":"https:\/\/www.alitardu.com\/en\/contact\/#breadcrumb","itemListElement":[{"@type":"ListItem","position":1,"name":"Anasayfa","item":"https:\/\/www.alitardu.com\/en\/"},{"@type":"ListItem","position":2,"name":"Contact"}]},{"@type":"WebSite","@id":"https:\/\/www.alitardu.com\/en\/#website","url":"https:\/\/www.alitardu.com\/en\/","name":"Assoc. Prof. Dr. Ali Tardu","description":"Obesity and Diabetes Surgeon","publisher":{"@id":"https:\/\/www.alitardu.com\/en\/#organization"},"potentialAction":[{"@type":"SearchAction","target":{"@type":"EntryPoint","urlTemplate":"https:\/\/www.alitardu.com\/en\/?s={search_term_string}"},"query-input":"required name=search_term_string"}],"inLanguage":"en-GB"},{"@type":"Organization","@id":"https:\/\/www.alitardu.com\/en\/#organization","name":"Assoc. Dr. Ali Tardu Obesity and Diabetes Surgeon","url":"https:\/\/www.alitardu.com\/en\/","logo":{"@type":"ImageObject","inLanguage":"en-GB","@id":"https:\/\/www.alitardu.com\/en\/#\/schema\/logo\/image\/","url":"https:\/\/www.alitardu.com\/en\/wp-content\/uploads\/2023\/12\/Ali-Tardu-Logo-EN.png","contentUrl":"https:\/\/www.alitardu.com\/en\/wp-content\/uploads\/2023\/12\/Ali-Tardu-Logo-EN.png","width":1485,"height":338,"caption":"Assoc. Dr. Ali Tardu Obesity and Diabetes Surgeon"},"image":{"@id":"https:\/\/www.alitardu.com\/en\/#\/schema\/logo\/image\/"}}]}},"_links":{"self":[{"href":"https:\/\/www.alitardu.com\/en\/wp-json\/wp\/v2\/pages\/6101","targetHints":{"allow":["GET"]}}],"collection":[{"href":"https:\/\/www.alitardu.com\/en\/wp-json\/wp\/v2\/pages"}],"about":[{"href":"https:\/\/www.alitardu.com\/en\/wp-json\/wp\/v2\/types\/page"}],"author":[{"embeddable":true,"href":"https:\/\/www.alitardu.com\/en\/wp-json\/wp\/v2\/users\/1"}],"replies":[{"embeddable":true,"href":"https:\/\/www.alitardu.com\/en\/wp-json\/wp\/v2\/comments?post=6101"}],"version-history":[{"count":12,"href":"https:\/\/www.alitardu.com\/en\/wp-json\/wp\/v2\/pages\/6101\/revisions"}],"predecessor-version":[{"id":11125,"href":"https:\/\/www.alitardu.com\/en\/wp-json\/wp\/v2\/pages\/6101\/revisions\/11125"}],"wp:attachment":[{"href":"https:\/\/www.alitardu.com\/en\/wp-json\/wp\/v2\/media?parent=6101"}],"curies":[{"name":"wp","href":"https:\/\/api.w.org\/{rel}","templated":true}]}}